{"id":38,"date":"2024-09-10T11:10:45","date_gmt":"2024-09-10T14:10:45","guid":{"rendered":"https:\/\/medicina.udd.cl\/unica\/?page_id=38"},"modified":"2024-09-10T11:11:04","modified_gmt":"2024-09-10T14:11:04","slug":"proceso-de-jerarquia-academica","status":"publish","type":"page","link":"https:\/\/medicina.udd.cl\/unica\/proceso-de-jerarquia-academica\/","title":{"rendered":"Proceso de Jerarqu\u00eda Acad\u00e9mica"},"content":{"rendered":"<!-- WP Block: UDD - Cards Alternate -->\n<section class=\"wp-block-udd-access-cards\">\n\t<div class=\"container\">\n\t\t\t\t<div class=\"block__content\">\n\t\t\t<div class=\"access-cards\">\n\t\t\t\t\t\t\t<div class=\"access-card-wrapper\">\n\t\t\t\t\t\t\t\t\t\t<div class=\"access-card\">\n\t\t\t\t\t\t<h3 class=\"access-card__title\">Reglamento de Asignaci\u00f3n de Jerarqu\u00edas Acad\u00e9micas<\/h3>\n\t\t\t\t\t\t<p class=\"access-card__description\">\n\t\t\t\t\t\t\t\t\t\t\t\t\t<\/p>\n\t\t\t\t\t\t\t\t\t\t\t\t\t\t\t\t\t\t<div class=\"access-card__link\">\n\t\t\t\t\t\t\t\t<a href=\"https:\/\/medicina.udd.cl\/files\/2023\/07\/reglamento-de-asignacion-de-jerarquias-facultad-de-medicina-27-12-2022.pdf\" class=\"access-card__link-text\" data-url=\"https:\/\/medicina.udd.cl\/files\/2023\/07\/reglamento-de-asignacion-de-jerarquias-facultad-de-medicina-27-12-2022.pdf\">Ver aqu\u00ed<\/a>\n\t\t\t\t\t\t\t<\/div>\n\t\t\t\t\t\t\t\t\t\t\t<\/div>\n\t\t\t\t<\/div>\n\t\t\t\t\t\t\t<div class=\"access-card-wrapper\">\n\t\t\t\t\t\t\t\t\t\t<div class=\"access-card\">\n\t\t\t\t\t\t<h3 class=\"access-card__title\">Formato Carta de presentaci\u00f3n<\/h3>\n\t\t\t\t\t\t<p class=\"access-card__description\">\n\t\t\t\t\t\t\t\t\t\t\t\t\t<\/p>\n\t\t\t\t\t\t\t\t\t\t\t\t\t\t\t\t\t\t<div class=\"access-card__link\">\n\t\t\t\t\t\t\t\t<a href=\"https:\/\/medicina.udd.cl\/files\/2023\/07\/formato-carta-de-presentacion-3.docx\" class=\"access-card__link-text\" data-url=\"https:\/\/medicina.udd.cl\/files\/2023\/07\/formato-carta-de-presentacion-3.docx\">Descarga aqu\u00ed<\/a>\n\t\t\t\t\t\t\t<\/div>\n\t\t\t\t\t\t\t\t\t\t\t<\/div>\n\t\t\t\t<\/div>\n\t\t\t\t\t\t\t<div class=\"access-card-wrapper\">\n\t\t\t\t\t\t\t\t\t\t<div class=\"access-card\">\n\t\t\t\t\t\t<h3 class=\"access-card__title\">Formato Ficha Resumen<\/h3>\n\t\t\t\t\t\t<p class=\"access-card__description\">\n\t\t\t\t\t\t\t\t\t\t\t\t\t<\/p>\n\t\t\t\t\t\t\t\t\t\t\t\t\t\t\t\t\t\t<div class=\"access-card__link\">\n\t\t\t\t\t\t\t\t<a href=\"https:\/\/medicina.udd.cl\/files\/2023\/07\/formato-ficha-resumen-2.docx\" class=\"access-card__link-text\" data-url=\"https:\/\/medicina.udd.cl\/files\/2023\/07\/formato-ficha-resumen-2.docx\">Descarga aqu\u00ed<\/a>\n\t\t\t\t\t\t\t<\/div>\n\t\t\t\t\t\t\t\t\t\t\t<\/div>\n\t\t\t\t<\/div>\n\t\t\t\t\t\t<\/div>\n\t\t<\/div>\n\t<\/div>\n<\/section>\n","protected":false},"excerpt":{"rendered":"","protected":false},"author":9192217,"featured_media":0,"parent":0,"menu_order":0,"comment_status":"closed","ping_status":"closed","template":"","meta":{"footnotes":""},"class_list":["post-38","page","type-page","status-publish","hentry"],"yoast_head":"<!-- This site is optimized with the Yoast SEO plugin v26.9 - https:\/\/yoast.com\/product\/yoast-seo-wordpress\/ -->\n<title>Proceso de Jerarqu\u00eda Acad\u00e9mica - Unidad de Calidad (Unica)<\/title>\n<meta name=\"robots\" content=\"index, follow, max-snippet:-1, max-image-preview:large, max-video-preview:-1\" \/>\n<link rel=\"canonical\" href=\"https:\/\/medicina.udd.cl\/unica\/proceso-de-jerarquia-academica\/\" \/>\n<meta property=\"og:locale\" content=\"es_ES\" \/>\n<meta property=\"og:type\" content=\"article\" \/>\n<meta property=\"og:title\" content=\"Proceso de Jerarqu\u00eda Acad\u00e9mica - Unidad de Calidad (Unica)\" \/>\n<meta property=\"og:url\" content=\"https:\/\/medicina.udd.cl\/unica\/proceso-de-jerarquia-academica\/\" \/>\n<meta property=\"og:site_name\" content=\"Unidad de Calidad (Unica)\" \/>\n<meta property=\"article:modified_time\" content=\"2024-09-10T14:11:04+00:00\" \/>\n<meta name=\"twitter:card\" content=\"summary_large_image\" \/>\n<meta name=\"twitter:label1\" content=\"Tiempo de lectura\" \/>\n\t<meta name=\"twitter:data1\" content=\"1 minuto\" \/>\n<script type=\"application\/ld+json\" class=\"yoast-schema-graph\">{\"@context\":\"https:\/\/schema.org\",\"@graph\":[{\"@type\":\"WebPage\",\"@id\":\"https:\/\/medicina.udd.cl\/unica\/proceso-de-jerarquia-academica\/\",\"url\":\"https:\/\/medicina.udd.cl\/unica\/proceso-de-jerarquia-academica\/\",\"name\":\"Proceso de Jerarqu\u00eda Acad\u00e9mica - Unidad de Calidad (Unica)\",\"isPartOf\":{\"@id\":\"https:\/\/medicina.udd.cl\/unica\/#website\"},\"datePublished\":\"2024-09-10T14:10:45+00:00\",\"dateModified\":\"2024-09-10T14:11:04+00:00\",\"breadcrumb\":{\"@id\":\"https:\/\/medicina.udd.cl\/unica\/proceso-de-jerarquia-academica\/#breadcrumb\"},\"inLanguage\":\"es\",\"potentialAction\":[{\"@type\":\"ReadAction\",\"target\":[\"https:\/\/medicina.udd.cl\/unica\/proceso-de-jerarquia-academica\/\"]}]},{\"@type\":\"BreadcrumbList\",\"@id\":\"https:\/\/medicina.udd.cl\/unica\/proceso-de-jerarquia-academica\/#breadcrumb\",\"itemListElement\":[{\"@type\":\"ListItem\",\"position\":1,\"name\":\"Portada\",\"item\":\"https:\/\/medicina.udd.cl\/unica\/\"},{\"@type\":\"ListItem\",\"position\":2,\"name\":\"Proceso de Jerarqu\u00eda Acad\u00e9mica\"}]},{\"@type\":\"WebSite\",\"@id\":\"https:\/\/medicina.udd.cl\/unica\/#website\",\"url\":\"https:\/\/medicina.udd.cl\/unica\/\",\"name\":\"Unidad de Calidad (Unica)\",\"description\":\"\",\"inLanguage\":\"es\"}]}<\/script>\n<!-- \/ Yoast SEO plugin. -->","yoast_head_json":{"title":"Proceso de Jerarqu\u00eda Acad\u00e9mica - Unidad de Calidad (Unica)","robots":{"index":"index","follow":"follow","max-snippet":"max-snippet:-1","max-image-preview":"max-image-preview:large","max-video-preview":"max-video-preview:-1"},"canonical":"https:\/\/medicina.udd.cl\/unica\/proceso-de-jerarquia-academica\/","og_locale":"es_ES","og_type":"article","og_title":"Proceso de Jerarqu\u00eda Acad\u00e9mica - Unidad de Calidad (Unica)","og_url":"https:\/\/medicina.udd.cl\/unica\/proceso-de-jerarquia-academica\/","og_site_name":"Unidad de Calidad (Unica)","article_modified_time":"2024-09-10T14:11:04+00:00","twitter_card":"summary_large_image","twitter_misc":{"Tiempo de lectura":"1 minuto"},"schema":{"@context":"https:\/\/schema.org","@graph":[{"@type":"WebPage","@id":"https:\/\/medicina.udd.cl\/unica\/proceso-de-jerarquia-academica\/","url":"https:\/\/medicina.udd.cl\/unica\/proceso-de-jerarquia-academica\/","name":"Proceso de Jerarqu\u00eda Acad\u00e9mica - Unidad de Calidad (Unica)","isPartOf":{"@id":"https:\/\/medicina.udd.cl\/unica\/#website"},"datePublished":"2024-09-10T14:10:45+00:00","dateModified":"2024-09-10T14:11:04+00:00","breadcrumb":{"@id":"https:\/\/medicina.udd.cl\/unica\/proceso-de-jerarquia-academica\/#breadcrumb"},"inLanguage":"es","potentialAction":[{"@type":"ReadAction","target":["https:\/\/medicina.udd.cl\/unica\/proceso-de-jerarquia-academica\/"]}]},{"@type":"BreadcrumbList","@id":"https:\/\/medicina.udd.cl\/unica\/proceso-de-jerarquia-academica\/#breadcrumb","itemListElement":[{"@type":"ListItem","position":1,"name":"Portada","item":"https:\/\/medicina.udd.cl\/unica\/"},{"@type":"ListItem","position":2,"name":"Proceso de Jerarqu\u00eda Acad\u00e9mica"}]},{"@type":"WebSite","@id":"https:\/\/medicina.udd.cl\/unica\/#website","url":"https:\/\/medicina.udd.cl\/unica\/","name":"Unidad de Calidad (Unica)","description":"","inLanguage":"es"}]}},"_links":{"self":[{"href":"https:\/\/medicina.udd.cl\/unica\/wp-json\/wp\/v2\/pages\/38","targetHints":{"allow":["GET"]}}],"collection":[{"href":"https:\/\/medicina.udd.cl\/unica\/wp-json\/wp\/v2\/pages"}],"about":[{"href":"https:\/\/medicina.udd.cl\/unica\/wp-json\/wp\/v2\/types\/page"}],"author":[{"embeddable":true,"href":"https:\/\/medicina.udd.cl\/unica\/wp-json\/wp\/v2\/users\/9192217"}],"replies":[{"embeddable":true,"href":"https:\/\/medicina.udd.cl\/unica\/wp-json\/wp\/v2\/comments?post=38"}],"version-history":[{"count":2,"href":"https:\/\/medicina.udd.cl\/unica\/wp-json\/wp\/v2\/pages\/38\/revisions"}],"predecessor-version":[{"id":40,"href":"https:\/\/medicina.udd.cl\/unica\/wp-json\/wp\/v2\/pages\/38\/revisions\/40"}],"wp:attachment":[{"href":"https:\/\/medicina.udd.cl\/unica\/wp-json\/wp\/v2\/media?parent=38"}],"curies":[{"name":"wp","href":"https:\/\/api.w.org\/{rel}","templated":true}]}}