{"id":4,"date":"2024-09-10T10:51:45","date_gmt":"2024-09-10T13:51:45","guid":{"rendered":"https:\/\/medicina.udd.cl\/unica\/?page_id=4"},"modified":"2024-12-16T11:29:50","modified_gmt":"2024-12-16T14:29:50","slug":"inicio","status":"publish","type":"page","link":"https:\/\/medicina.udd.cl\/unica\/","title":{"rendered":"Inicio"},"content":{"rendered":"<section class=\"wp-block-udd-text-row block--bg-gray\">\n\t<div class=\"text-row\">\n\t\t<div class=\"text-row__content\">\n\t\t\t<div class=\"text-row__content-inner text\">\n\t\t\t\t\t\t\t\t\n<p> La Unidad de Calidad (UNICA), promueve una cultura de calidad al interior de la Facultad de Medicina Cl\u00ednica Alemana Universidad del Desarrollo proponiendo, gestionando y\/o perfeccionando procesos que favorezcan una mejora continua en el \u00e1mbito de la gesti\u00f3n acad\u00e9mica y curricular. <\/p>\n\n<p><\/p>\n<p class=\"wp-block-udd-button text-left\"><a class=\"btn btn-primary \" href=\"https:\/\/medicina.udd.cl\/unica\/equipo\/\" data-url=\"https:\/\/medicina.udd.cl\/unica\/equipo\/\"> Conoce al equipo de la Unidad de Calidad <\/a><\/p>\n\t\t\t<\/div>\n\t\t<\/div>\n\t\t<div class=\"text-row__media\">\n\t\t\t<img loading=\"lazy\" decoding=\"async\" width=\"952\" height=\"534\" src=\"https:\/\/medicina.udd.cl\/unica\/files\/2024\/09\/img_9310-1366x768-1-300x169.jpg\" class=\"text-row__media-image lazyload\" alt=\"\" sizes=\"auto, (max-width: 952px) 100vw, 952px\" data-src=\"https:\/\/medicina.udd.cl\/unica\/files\/2024\/09\/img_9310-1366x768-1-952x534.jpg\" data-srcset=\"https:\/\/medicina.udd.cl\/unica\/files\/2024\/09\/img_9310-1366x768-1-952x534.jpg 952w, https:\/\/medicina.udd.cl\/unica\/files\/2024\/09\/img_9310-1366x768-1-300x169.jpg 300w, https:\/\/medicina.udd.cl\/unica\/files\/2024\/09\/img_9310-1366x768-1-768x432.jpg 768w, https:\/\/medicina.udd.cl\/unica\/files\/2024\/09\/img_9310-1366x768-1-680x382.jpg 680w, https:\/\/medicina.udd.cl\/unica\/files\/2024\/09\/img_9310-1366x768-1.jpg 1366w\" \/>\t\t<\/div>\n\t<\/div>\n<\/section>\n\n\n<section class=\"wp-block-udd-text-row block--content-align-right block--bg-gray\">\n\t<div class=\"text-row\">\n\t\t<div class=\"text-row__content\">\n\t\t\t<div class=\"text-row__content-inner text\">\n\t\t\t\t\t\t\t\t<h2>Conectados<\/h2>\n\t\t\t\t\t\t\t\t\n<p>Los invitamos a descubrir \u00abConectados\u00bb, material que refleja el compromiso de nuestra Facultad de Medicina Cl\u00ednica Alemana Universidad del Desarrollo por fortalecer los lazos con sus acad\u00e9micos. Este material, fruto del trabajo interdisciplinario, busca ser un puente que nos conecte a\u00fan m\u00e1s, impulsando el crecimiento y la colaboraci\u00f3n en nuestra comunidad.<\/p>\n<p class=\"wp-block-udd-button text-left\"><a class=\"btn btn-primary \" href=\"https:\/\/medicina.udd.cl\/files\/2024\/12\/conectados-pdf-1.pdf\" data-url=\"https:\/\/medicina.udd.cl\/files\/2024\/12\/conectados-pdf-1.pdf\"><svg class=\"svg-download-dims\"><use xlink:href='https:\/\/medicina.udd.cl\/unica\/wp-content\/themes\/facultades-2018\/assets\/img\/svg\/dist\/main.svg?version=1695853099#download'><\/use><\/svg> Ver m\u00e1s <\/a><\/p>\n\n<p><\/p>\n\t\t\t<\/div>\n\t\t<\/div>\n\t\t<div class=\"text-row__media\">\n\t\t\t<img loading=\"lazy\" decoding=\"async\" width=\"482\" height=\"468\" src=\"https:\/\/medicina.udd.cl\/unica\/files\/2024\/12\/portada-conectados-para-web-blanco.png\" class=\"text-row__media-image lazyload\" alt=\"\" sizes=\"auto, (max-width: 482px) 100vw, 482px\" data-src=\"https:\/\/medicina.udd.cl\/unica\/files\/2024\/12\/portada-conectados-para-web-blanco.png\" data-srcset=\"https:\/\/medicina.udd.cl\/unica\/files\/2024\/12\/portada-conectados-para-web-blanco.png 482w, https:\/\/medicina.udd.cl\/unica\/files\/2024\/12\/portada-conectados-para-web-blanco-300x291.png 300w\" \/>\t\t<\/div>\n\t<\/div>\n<\/section>\n\n\n<!-- WP Block: UDD - Cards Alternate -->\n<section class=\"wp-block-udd-access-cards\">\n\t<div class=\"container\">\n\t\t\t\t<div class=\"block__content\">\n\t\t\t<div class=\"access-cards\">\n\t\t\t\t\t\t\t<div class=\"access-card-wrapper\">\n\t\t\t\t\t\t\t\t\t\t<div class=\"access-card\">\n\t\t\t\t\t\t<h3 class=\"access-card__title\">Jerarquizaci\u00f3n Acad\u00e9mica<\/h3>\n\t\t\t\t\t\t<p class=\"access-card__description\">\n\t\t\t\t\t\t\t\t\t\t\t\t\t<\/p>\n\t\t\t\t\t\t\t\t\t\t\t\t\t\t\t\t\t\t<div class=\"access-card__link\">\n\t\t\t\t\t\t\t\t<a href=\"https:\/\/medicina.udd.cl\/unica\/jerarquizacion-academica\/\" class=\"access-card__link-text\" data-url=\"https:\/\/medicina.udd.cl\/unica\/jerarquizacion-academica\/\">M\u00e1s informaci\u00f3n<\/a>\n\t\t\t\t\t\t\t<\/div>\n\t\t\t\t\t\t\t\t\t\t\t<\/div>\n\t\t\t\t<\/div>\n\t\t\t\t\t\t\t<div class=\"access-card-wrapper\">\n\t\t\t\t\t\t\t\t\t\t<div class=\"access-card\">\n\t\t\t\t\t\t<h3 class=\"access-card__title\">Evaluaci\u00f3n acad\u00e9mica<\/h3>\n\t\t\t\t\t\t<p class=\"access-card__description\">\n\t\t\t\t\t\t\t\t\t\t\t\t\t<\/p>\n\t\t\t\t\t\t\t\t\t\t\t\t\t\t\t\t\t\t<div class=\"access-card__link\">\n\t\t\t\t\t\t\t\t<a href=\"https:\/\/medicina.udd.cl\/unica\/evaluacion-academica\/\" class=\"access-card__link-text\" data-url=\"https:\/\/medicina.udd.cl\/unica\/evaluacion-academica\/\">M\u00e1s informaci\u00f3n<\/a>\n\t\t\t\t\t\t\t<\/div>\n\t\t\t\t\t\t\t\t\t\t\t<\/div>\n\t\t\t\t<\/div>\n\t\t\t\t\t\t\t<div class=\"access-card-wrapper\">\n\t\t\t\t\t\t\t\t\t\t<div class=\"access-card\">\n\t\t\t\t\t\t<h3 class=\"access-card__title\">Perfeccionamiento acad\u00e9mico<\/h3>\n\t\t\t\t\t\t<p class=\"access-card__description\">\n\t\t\t\t\t\t\t\t\t\t\t\t\t<\/p>\n\t\t\t\t\t\t\t\t\t\t\t\t\t\t\t\t\t\t<div class=\"access-card__link\">\n\t\t\t\t\t\t\t\t<a href=\"https:\/\/medicina.udd.cl\/unica\/perfeccionamiento-academico\/\" class=\"access-card__link-text\" data-url=\"https:\/\/medicina.udd.cl\/unica\/perfeccionamiento-academico\/\">M\u00e1s informaci\u00f3n<\/a>\n\t\t\t\t\t\t\t<\/div>\n\t\t\t\t\t\t\t\t\t\t\t<\/div>\n\t\t\t\t<\/div>\n\t\t\t\t\t\t<\/div>\n\t\t<\/div>\n\t<\/div>\n<\/section>\n\n\n\n<p><\/p>\n\n\n<!-- WP Block: UDD - People -->\n<section class=\"wp-block-udd-contacts is-style-clear\">\n\t\t<div class=\"container\">\n\t\t<header class=\"block__header\">\n\t\t\t<h2 class=\"block__title\">CONTACTO<\/h2>\n\t\t<\/header>\n\t\t<div class=\"block__content\">\n\t\t\t<ul class=\"contacts\">\n\t\t\t\t\t\t\t<li class=\"contact\">\n\t\t\t\t\t<div class=\"person-contact\">\n\t\t\t\t\t\t\t\t\t\t\t\t<h3 class=\"person-contact__name\">Unidad de Calidad<\/h3>\n\t\t\t\t\t\t\t\t\t\t\t\t\t\t\t\t\t\t\t\t\t\t\t\t\t\t\t\t\t\t\t\t\t\t\t\t\t<span class=\"person-contact__email\">Email: <a href=\"mailto:&#117;&#110;i&#99;a&#64;&#117;&#100;&#100;&#46;c&#108;\">&#117;&#110;&#105;&#99;&#97;&#64;u&#100;d&#46;&#99;&#108;<\/a><\/span>\n\t\t\t\t\t\t\t\t\t\t\t<\/div>\n\t\t\t\t<\/li>\n\t\t\t\t\t\t<\/ul>\n\t\t<\/div>\n\t<\/div>\n<\/section>\n","protected":false},"excerpt":{"rendered":"","protected":false},"author":9192217,"featured_media":0,"parent":0,"menu_order":0,"comment_status":"closed","ping_status":"closed","template":"","meta":{"footnotes":""},"class_list":["post-4","page","type-page","status-publish","hentry"],"yoast_head":"<!-- This site is optimized with the Yoast SEO plugin v26.9 - https:\/\/yoast.com\/product\/yoast-seo-wordpress\/ -->\n<title>Inicio - Unidad de Calidad (Unica)<\/title>\n<meta name=\"robots\" content=\"index, follow, max-snippet:-1, max-image-preview:large, max-video-preview:-1\" \/>\n<link rel=\"canonical\" href=\"https:\/\/medicina.udd.cl\/unica\/\" \/>\n<meta property=\"og:locale\" content=\"es_ES\" \/>\n<meta property=\"og:type\" content=\"article\" \/>\n<meta property=\"og:title\" content=\"Inicio - Unidad de Calidad (Unica)\" \/>\n<meta property=\"og:url\" content=\"https:\/\/medicina.udd.cl\/unica\/\" \/>\n<meta property=\"og:site_name\" content=\"Unidad de Calidad (Unica)\" \/>\n<meta property=\"article:modified_time\" content=\"2024-12-16T14:29:50+00:00\" \/>\n<meta property=\"og:image\" content=\"http:\/\/medicina.udd.cl\/unica\/files\/2024\/09\/img_9310-1366x768-1.jpg\" \/>\n<meta name=\"twitter:card\" content=\"summary_large_image\" \/>\n<meta name=\"twitter:label1\" content=\"Tiempo de lectura\" \/>\n\t<meta name=\"twitter:data1\" content=\"1 minuto\" \/>\n<script type=\"application\/ld+json\" class=\"yoast-schema-graph\">{\"@context\":\"https:\/\/schema.org\",\"@graph\":[{\"@type\":\"WebPage\",\"@id\":\"https:\/\/medicina.udd.cl\/unica\/\",\"url\":\"https:\/\/medicina.udd.cl\/unica\/\",\"name\":\"Inicio - Unidad de Calidad (Unica)\",\"isPartOf\":{\"@id\":\"https:\/\/medicina.udd.cl\/unica\/#website\"},\"primaryImageOfPage\":{\"@id\":\"https:\/\/medicina.udd.cl\/unica\/#primaryimage\"},\"image\":{\"@id\":\"https:\/\/medicina.udd.cl\/unica\/#primaryimage\"},\"thumbnailUrl\":\"http:\/\/medicina.udd.cl\/unica\/files\/2024\/09\/img_9310-1366x768-1.jpg\",\"datePublished\":\"2024-09-10T13:51:45+00:00\",\"dateModified\":\"2024-12-16T14:29:50+00:00\",\"breadcrumb\":{\"@id\":\"https:\/\/medicina.udd.cl\/unica\/#breadcrumb\"},\"inLanguage\":\"es\",\"potentialAction\":[{\"@type\":\"ReadAction\",\"target\":[\"https:\/\/medicina.udd.cl\/unica\/\"]}]},{\"@type\":\"ImageObject\",\"inLanguage\":\"es\",\"@id\":\"https:\/\/medicina.udd.cl\/unica\/#primaryimage\",\"url\":\"https:\/\/medicina.udd.cl\/unica\/files\/2024\/09\/img_9310-1366x768-1.jpg\",\"contentUrl\":\"https:\/\/medicina.udd.cl\/unica\/files\/2024\/09\/img_9310-1366x768-1.jpg\",\"width\":1366,\"height\":768},{\"@type\":\"BreadcrumbList\",\"@id\":\"https:\/\/medicina.udd.cl\/unica\/#breadcrumb\",\"itemListElement\":[{\"@type\":\"ListItem\",\"position\":1,\"name\":\"Portada\",\"item\":\"https:\/\/medicina.udd.cl\/unica\/\"},{\"@type\":\"ListItem\",\"position\":2,\"name\":\"Inicio\"}]},{\"@type\":\"WebSite\",\"@id\":\"https:\/\/medicina.udd.cl\/unica\/#website\",\"url\":\"https:\/\/medicina.udd.cl\/unica\/\",\"name\":\"Unidad de Calidad (Unica)\",\"description\":\"\",\"inLanguage\":\"es\"}]}<\/script>\n<!-- \/ Yoast SEO plugin. -->","yoast_head_json":{"title":"Inicio - Unidad de Calidad (Unica)","robots":{"index":"index","follow":"follow","max-snippet":"max-snippet:-1","max-image-preview":"max-image-preview:large","max-video-preview":"max-video-preview:-1"},"canonical":"https:\/\/medicina.udd.cl\/unica\/","og_locale":"es_ES","og_type":"article","og_title":"Inicio - Unidad de Calidad (Unica)","og_url":"https:\/\/medicina.udd.cl\/unica\/","og_site_name":"Unidad de Calidad (Unica)","article_modified_time":"2024-12-16T14:29:50+00:00","og_image":[{"url":"http:\/\/medicina.udd.cl\/unica\/files\/2024\/09\/img_9310-1366x768-1.jpg","type":"","width":"","height":""}],"twitter_card":"summary_large_image","twitter_misc":{"Tiempo de lectura":"1 minuto"},"schema":{"@context":"https:\/\/schema.org","@graph":[{"@type":"WebPage","@id":"https:\/\/medicina.udd.cl\/unica\/","url":"https:\/\/medicina.udd.cl\/unica\/","name":"Inicio - Unidad de Calidad (Unica)","isPartOf":{"@id":"https:\/\/medicina.udd.cl\/unica\/#website"},"primaryImageOfPage":{"@id":"https:\/\/medicina.udd.cl\/unica\/#primaryimage"},"image":{"@id":"https:\/\/medicina.udd.cl\/unica\/#primaryimage"},"thumbnailUrl":"http:\/\/medicina.udd.cl\/unica\/files\/2024\/09\/img_9310-1366x768-1.jpg","datePublished":"2024-09-10T13:51:45+00:00","dateModified":"2024-12-16T14:29:50+00:00","breadcrumb":{"@id":"https:\/\/medicina.udd.cl\/unica\/#breadcrumb"},"inLanguage":"es","potentialAction":[{"@type":"ReadAction","target":["https:\/\/medicina.udd.cl\/unica\/"]}]},{"@type":"ImageObject","inLanguage":"es","@id":"https:\/\/medicina.udd.cl\/unica\/#primaryimage","url":"https:\/\/medicina.udd.cl\/unica\/files\/2024\/09\/img_9310-1366x768-1.jpg","contentUrl":"https:\/\/medicina.udd.cl\/unica\/files\/2024\/09\/img_9310-1366x768-1.jpg","width":1366,"height":768},{"@type":"BreadcrumbList","@id":"https:\/\/medicina.udd.cl\/unica\/#breadcrumb","itemListElement":[{"@type":"ListItem","position":1,"name":"Portada","item":"https:\/\/medicina.udd.cl\/unica\/"},{"@type":"ListItem","position":2,"name":"Inicio"}]},{"@type":"WebSite","@id":"https:\/\/medicina.udd.cl\/unica\/#website","url":"https:\/\/medicina.udd.cl\/unica\/","name":"Unidad de Calidad (Unica)","description":"","inLanguage":"es"}]}},"_links":{"self":[{"href":"https:\/\/medicina.udd.cl\/unica\/wp-json\/wp\/v2\/pages\/4","targetHints":{"allow":["GET"]}}],"collection":[{"href":"https:\/\/medicina.udd.cl\/unica\/wp-json\/wp\/v2\/pages"}],"about":[{"href":"https:\/\/medicina.udd.cl\/unica\/wp-json\/wp\/v2\/types\/page"}],"author":[{"embeddable":true,"href":"https:\/\/medicina.udd.cl\/unica\/wp-json\/wp\/v2\/users\/9192217"}],"replies":[{"embeddable":true,"href":"https:\/\/medicina.udd.cl\/unica\/wp-json\/wp\/v2\/comments?post=4"}],"version-history":[{"count":11,"href":"https:\/\/medicina.udd.cl\/unica\/wp-json\/wp\/v2\/pages\/4\/revisions"}],"predecessor-version":[{"id":72,"href":"https:\/\/medicina.udd.cl\/unica\/wp-json\/wp\/v2\/pages\/4\/revisions\/72"}],"wp:attachment":[{"href":"https:\/\/medicina.udd.cl\/unica\/wp-json\/wp\/v2\/media?parent=4"}],"curies":[{"name":"wp","href":"https:\/\/api.w.org\/{rel}","templated":true}]}}