{"id":57,"date":"2024-09-10T12:23:27","date_gmt":"2024-09-10T15:23:27","guid":{"rendered":"https:\/\/medicina.udd.cl\/unica\/?page_id=57"},"modified":"2024-09-10T12:23:27","modified_gmt":"2024-09-10T15:23:27","slug":"evaluacion-academica","status":"publish","type":"page","link":"https:\/\/medicina.udd.cl\/unica\/evaluacion-academica\/","title":{"rendered":"Evaluaci\u00f3n Acad\u00e9mica"},"content":{"rendered":"\n<p>Proceso bianual que tiene por objeto medir el rendimiento y calidad de desempe\u00f1o de los Profesores en sus respectivas tareas y responsabilidades. Se focaliza en medir, para un per\u00edodo determinado, los logros alcanzados en cada una de las dimensiones de la actividad acad\u00e9mica, as\u00ed como tambi\u00e9n en evaluar el desarrollo de competencias consideradas relevantes para un buen desempe\u00f1o acad\u00e9mico.<\/p>\n\n\n\n<p>La evaluaci\u00f3n est\u00e1 a cargo de las respectivas facultades y debe ser acorde y consistente con el v\u00ednculo que cada uno de los acad\u00e9micos mantenga con la Universidad.<\/p>\n\n\n\n<p>La evaluaci\u00f3n de los Profesores Regulares (contratados) se realiza sobre la base de un compromiso de desempe\u00f1o, lo cual incluye un Plan de Trabajo y un grupo de competencias, acordado entre el Profesor y su jefatura directa para el per\u00edodo correspondiente. El Plan de Trabajo debe establecer las tareas esenciales comprometidas por el Profesor, as\u00ed como tambi\u00e9n el est\u00e1ndar o nivel de los resultados esperados, estructurados en funci\u00f3n de la Trayectoria y Jerarqu\u00eda del Acad\u00e9mico en cuesti\u00f3n.<\/p>\n\n\n\n<h2 class=\"wp-block-heading\"><strong>Etapas del proceso de Evaluaci\u00f3n Acad\u00e9mica<\/strong><\/h2>\n\n\n\n<ul class=\"wp-block-list\">\n<li><strong>Autoevaluaci\u00f3n: <\/strong>en esta etapa los Profesores deben evaluar y calificar por cuenta propia los resultados alcanzados en su trabajo docente, de investigaci\u00f3n, de gesti\u00f3n y otros, durante el per\u00edodo bajo revisi\u00f3n, de acuerdo al Plan de Trabajo comprometido.<\/li>\n<\/ul>\n\n\n\n<ul class=\"wp-block-list\">\n<li><strong>Evaluaci\u00f3n de la Comisi\u00f3n de Facultad: <\/strong>en esta etapa la Comisi\u00f3n eval\u00faa a cada uno de los Profesores de su Facultad, teniendo como antecedente:<\/li>\n\n\n\n<li>a) Plan de Trabajo del Profesor para el per\u00edodo respectivo.<\/li>\n\n\n\n<li>b) Autoevaluaci\u00f3n del Profesor.<\/li>\n\n\n\n<li>c) Todos los dem\u00e1s antecedentes que se estimen relevantes para estos efectos.<\/li>\n<\/ul>\n\n\n\n<figure class=\"wp-block-image aligncenter size-full\"><img loading=\"lazy\" decoding=\"async\" width=\"499\" height=\"422\" src=\"http:\/\/medicina.udd.cl\/unica\/files\/2024\/09\/unica_escala-de-calificaiones.jpg\" alt=\"\" class=\"wp-image-58\" srcset=\"https:\/\/medicina.udd.cl\/unica\/files\/2024\/09\/unica_escala-de-calificaiones.jpg 499w, https:\/\/medicina.udd.cl\/unica\/files\/2024\/09\/unica_escala-de-calificaiones-300x254.jpg 300w\" sizes=\"auto, (max-width: 499px) 100vw, 499px\" \/><\/figure>\n\n\n\n<ul class=\"wp-block-list\">\n<li><strong>Comunicaci\u00f3n de los Resultados:<\/strong> en esta etapa el Decano o quien \u00e9ste designe para tal funci\u00f3n, informa de los resultados de la Evaluaci\u00f3n Acad\u00e9mica a cada uno de los Profesores.<\/li>\n<\/ul>\n\n\n<!-- WP Block: UDD - Disposable -->\n<section\n\tdata-sps-offset=\"100\"\n\tid=\"udd-disposable--1--57\"\n\tclass=\"wp-block-udd-disposable udd-notice disposable-block \"\n>\n\t<div class=\"container\">\n\t\t<div\n\t\t\tclass=\"udd-notice__header \"\n\t\t\tstyle=\"background-color: \"\n\t\t>\n\t\t\t\t\t\t<span class=\"udd-notice__header-label\">Los Profesores que consideren que la Evaluaci\u00f3n de la Comisi\u00f3n de Facultad no refleja adecuadamente los logros alcanzados en su desempe\u00f1o durante el per\u00edodo en consideraci\u00f3n, pueden apelar ante la Comisi\u00f3n de Evaluaci\u00f3n Institucional<\/span>\n\t\t<\/div>\n\t\t<div\n\t\t\tclass=\"udd-notice__content\"\n\t\t\tstyle=\"background-color: \"\n\t\t>\n\t\t\t\t\t<\/div>\n\t\t\t<\/div>\n<\/section>\n\n\n\n<figure class=\"wp-block-image aligncenter size-full is-resized\"><img loading=\"lazy\" decoding=\"async\" width=\"641\" height=\"625\" src=\"http:\/\/medicina.udd.cl\/unica\/files\/2024\/09\/unica_-etapas-proceso-evaluacion-academica.jpg\" alt=\"\" class=\"wp-image-59\" style=\"width:641px;height:auto\" srcset=\"https:\/\/medicina.udd.cl\/unica\/files\/2024\/09\/unica_-etapas-proceso-evaluacion-academica.jpg 641w, https:\/\/medicina.udd.cl\/unica\/files\/2024\/09\/unica_-etapas-proceso-evaluacion-academica-300x293.jpg 300w\" sizes=\"auto, (max-width: 641px) 100vw, 641px\" \/><\/figure>\n","protected":false},"excerpt":{"rendered":"<p>Proceso bianual que tiene por objeto medir el rendimiento y calidad de desempe\u00f1o de los Profesores en sus respectivas tareas y responsabilidades. Se focaliza en medir, para un per\u00edodo determinado, los logros alcanzados en cada una de las dimensiones de la actividad acad\u00e9mica, as\u00ed como tambi\u00e9n en evaluar el desarrollo de competencias consideradas relevantes para [&hellip;]<\/p>\n","protected":false},"author":9192219,"featured_media":0,"parent":0,"menu_order":0,"comment_status":"closed","ping_status":"closed","template":"","meta":{"footnotes":""},"class_list":["post-57","page","type-page","status-publish","hentry"],"yoast_head":"<!-- This site is optimized with the Yoast SEO plugin v26.9 - https:\/\/yoast.com\/product\/yoast-seo-wordpress\/ -->\n<title>Evaluaci\u00f3n Acad\u00e9mica - Unidad de Calidad (Unica)<\/title>\n<meta name=\"robots\" content=\"index, follow, max-snippet:-1, max-image-preview:large, max-video-preview:-1\" \/>\n<link rel=\"canonical\" href=\"https:\/\/medicina.udd.cl\/unica\/evaluacion-academica\/\" \/>\n<meta property=\"og:locale\" content=\"es_ES\" \/>\n<meta property=\"og:type\" content=\"article\" \/>\n<meta property=\"og:title\" content=\"Evaluaci\u00f3n Acad\u00e9mica - Unidad de Calidad (Unica)\" \/>\n<meta property=\"og:description\" content=\"Proceso bianual que tiene por objeto medir el rendimiento y calidad de desempe\u00f1o de los Profesores en sus respectivas tareas y responsabilidades. Se focaliza en medir, para un per\u00edodo determinado, los logros alcanzados en cada una de las dimensiones de la actividad acad\u00e9mica, as\u00ed como tambi\u00e9n en evaluar el desarrollo de competencias consideradas relevantes para [&hellip;]\" \/>\n<meta property=\"og:url\" content=\"https:\/\/medicina.udd.cl\/unica\/evaluacion-academica\/\" \/>\n<meta property=\"og:site_name\" content=\"Unidad de Calidad (Unica)\" \/>\n<meta property=\"og:image\" content=\"http:\/\/medicina.udd.cl\/unica\/files\/2024\/09\/unica_escala-de-calificaiones.jpg\" \/>\n<meta name=\"twitter:card\" content=\"summary_large_image\" \/>\n<meta name=\"twitter:label1\" content=\"Tiempo de lectura\" \/>\n\t<meta name=\"twitter:data1\" content=\"2 minutos\" \/>\n<script type=\"application\/ld+json\" class=\"yoast-schema-graph\">{\"@context\":\"https:\/\/schema.org\",\"@graph\":[{\"@type\":\"WebPage\",\"@id\":\"https:\/\/medicina.udd.cl\/unica\/evaluacion-academica\/\",\"url\":\"https:\/\/medicina.udd.cl\/unica\/evaluacion-academica\/\",\"name\":\"Evaluaci\u00f3n Acad\u00e9mica - Unidad de Calidad (Unica)\",\"isPartOf\":{\"@id\":\"https:\/\/medicina.udd.cl\/unica\/#website\"},\"primaryImageOfPage\":{\"@id\":\"https:\/\/medicina.udd.cl\/unica\/evaluacion-academica\/#primaryimage\"},\"image\":{\"@id\":\"https:\/\/medicina.udd.cl\/unica\/evaluacion-academica\/#primaryimage\"},\"thumbnailUrl\":\"http:\/\/medicina.udd.cl\/unica\/files\/2024\/09\/unica_escala-de-calificaiones.jpg\",\"datePublished\":\"2024-09-10T15:23:27+00:00\",\"breadcrumb\":{\"@id\":\"https:\/\/medicina.udd.cl\/unica\/evaluacion-academica\/#breadcrumb\"},\"inLanguage\":\"es\",\"potentialAction\":[{\"@type\":\"ReadAction\",\"target\":[\"https:\/\/medicina.udd.cl\/unica\/evaluacion-academica\/\"]}]},{\"@type\":\"ImageObject\",\"inLanguage\":\"es\",\"@id\":\"https:\/\/medicina.udd.cl\/unica\/evaluacion-academica\/#primaryimage\",\"url\":\"https:\/\/medicina.udd.cl\/unica\/files\/2024\/09\/unica_escala-de-calificaiones.jpg\",\"contentUrl\":\"https:\/\/medicina.udd.cl\/unica\/files\/2024\/09\/unica_escala-de-calificaiones.jpg\",\"width\":499,\"height\":422},{\"@type\":\"BreadcrumbList\",\"@id\":\"https:\/\/medicina.udd.cl\/unica\/evaluacion-academica\/#breadcrumb\",\"itemListElement\":[{\"@type\":\"ListItem\",\"position\":1,\"name\":\"Portada\",\"item\":\"https:\/\/medicina.udd.cl\/unica\/\"},{\"@type\":\"ListItem\",\"position\":2,\"name\":\"Evaluaci\u00f3n Acad\u00e9mica\"}]},{\"@type\":\"WebSite\",\"@id\":\"https:\/\/medicina.udd.cl\/unica\/#website\",\"url\":\"https:\/\/medicina.udd.cl\/unica\/\",\"name\":\"Unidad de Calidad (Unica)\",\"description\":\"\",\"inLanguage\":\"es\"}]}<\/script>\n<!-- \/ Yoast SEO plugin. -->","yoast_head_json":{"title":"Evaluaci\u00f3n Acad\u00e9mica - Unidad de Calidad (Unica)","robots":{"index":"index","follow":"follow","max-snippet":"max-snippet:-1","max-image-preview":"max-image-preview:large","max-video-preview":"max-video-preview:-1"},"canonical":"https:\/\/medicina.udd.cl\/unica\/evaluacion-academica\/","og_locale":"es_ES","og_type":"article","og_title":"Evaluaci\u00f3n Acad\u00e9mica - Unidad de Calidad (Unica)","og_description":"Proceso bianual que tiene por objeto medir el rendimiento y calidad de desempe\u00f1o de los Profesores en sus respectivas tareas y responsabilidades. Se focaliza en medir, para un per\u00edodo determinado, los logros alcanzados en cada una de las dimensiones de la actividad acad\u00e9mica, as\u00ed como tambi\u00e9n en evaluar el desarrollo de competencias consideradas relevantes para [&hellip;]","og_url":"https:\/\/medicina.udd.cl\/unica\/evaluacion-academica\/","og_site_name":"Unidad de Calidad (Unica)","og_image":[{"url":"http:\/\/medicina.udd.cl\/unica\/files\/2024\/09\/unica_escala-de-calificaiones.jpg","type":"","width":"","height":""}],"twitter_card":"summary_large_image","twitter_misc":{"Tiempo de lectura":"2 minutos"},"schema":{"@context":"https:\/\/schema.org","@graph":[{"@type":"WebPage","@id":"https:\/\/medicina.udd.cl\/unica\/evaluacion-academica\/","url":"https:\/\/medicina.udd.cl\/unica\/evaluacion-academica\/","name":"Evaluaci\u00f3n Acad\u00e9mica - Unidad de Calidad (Unica)","isPartOf":{"@id":"https:\/\/medicina.udd.cl\/unica\/#website"},"primaryImageOfPage":{"@id":"https:\/\/medicina.udd.cl\/unica\/evaluacion-academica\/#primaryimage"},"image":{"@id":"https:\/\/medicina.udd.cl\/unica\/evaluacion-academica\/#primaryimage"},"thumbnailUrl":"http:\/\/medicina.udd.cl\/unica\/files\/2024\/09\/unica_escala-de-calificaiones.jpg","datePublished":"2024-09-10T15:23:27+00:00","breadcrumb":{"@id":"https:\/\/medicina.udd.cl\/unica\/evaluacion-academica\/#breadcrumb"},"inLanguage":"es","potentialAction":[{"@type":"ReadAction","target":["https:\/\/medicina.udd.cl\/unica\/evaluacion-academica\/"]}]},{"@type":"ImageObject","inLanguage":"es","@id":"https:\/\/medicina.udd.cl\/unica\/evaluacion-academica\/#primaryimage","url":"https:\/\/medicina.udd.cl\/unica\/files\/2024\/09\/unica_escala-de-calificaiones.jpg","contentUrl":"https:\/\/medicina.udd.cl\/unica\/files\/2024\/09\/unica_escala-de-calificaiones.jpg","width":499,"height":422},{"@type":"BreadcrumbList","@id":"https:\/\/medicina.udd.cl\/unica\/evaluacion-academica\/#breadcrumb","itemListElement":[{"@type":"ListItem","position":1,"name":"Portada","item":"https:\/\/medicina.udd.cl\/unica\/"},{"@type":"ListItem","position":2,"name":"Evaluaci\u00f3n Acad\u00e9mica"}]},{"@type":"WebSite","@id":"https:\/\/medicina.udd.cl\/unica\/#website","url":"https:\/\/medicina.udd.cl\/unica\/","name":"Unidad de Calidad (Unica)","description":"","inLanguage":"es"}]}},"_links":{"self":[{"href":"https:\/\/medicina.udd.cl\/unica\/wp-json\/wp\/v2\/pages\/57","targetHints":{"allow":["GET"]}}],"collection":[{"href":"https:\/\/medicina.udd.cl\/unica\/wp-json\/wp\/v2\/pages"}],"about":[{"href":"https:\/\/medicina.udd.cl\/unica\/wp-json\/wp\/v2\/types\/page"}],"author":[{"embeddable":true,"href":"https:\/\/medicina.udd.cl\/unica\/wp-json\/wp\/v2\/users\/9192219"}],"replies":[{"embeddable":true,"href":"https:\/\/medicina.udd.cl\/unica\/wp-json\/wp\/v2\/comments?post=57"}],"version-history":[{"count":1,"href":"https:\/\/medicina.udd.cl\/unica\/wp-json\/wp\/v2\/pages\/57\/revisions"}],"predecessor-version":[{"id":60,"href":"https:\/\/medicina.udd.cl\/unica\/wp-json\/wp\/v2\/pages\/57\/revisions\/60"}],"wp:attachment":[{"href":"https:\/\/medicina.udd.cl\/unica\/wp-json\/wp\/v2\/media?parent=57"}],"curies":[{"name":"wp","href":"https:\/\/api.w.org\/{rel}","templated":true}]}}