{"id":22,"date":"2011-06-28T15:13:29","date_gmt":"2011-06-28T19:13:29","guid":{"rendered":"http:\/\/medicina.udd.cl\/unidad-calidad\/"},"modified":"2016-12-29T12:40:05","modified_gmt":"2016-12-29T15:40:05","slug":"mision","status":"publish","type":"page","link":"https:\/\/medicina.udd.cl\/unidad-calidad\/pagina-2\/mision\/","title":{"rendered":"Misi\u00f3n"},"content":{"rendered":"<p style=\"text-align: justify;\">Nuestra misi\u00f3n es colaborar de manera creativa e innovadora en el dise\u00f1o e implementaci\u00f3n de pol\u00edticas de calidad en el \u00e1mbito de la gesti\u00f3n curricular y acad\u00e9mica, as\u00ed como contribuir a la mejora continua de los procesos claves dentro de la Facultad, favoreciendo la promoci\u00f3n y difusi\u00f3n de una cultura de calidad.<\/p>\n<p><strong><br \/>\n<\/strong><\/p>\n","protected":false},"excerpt":{"rendered":"<p>Conoce nuestra misi\u00f3n y visi\u00f3n.<\/p>\n","protected":false},"author":9192192,"featured_media":0,"parent":4,"menu_order":0,"comment_status":"open","ping_status":"closed","template":"","meta":{"footnotes":""},"class_list":["post-22","page","type-page","status-publish","hentry"],"yoast_head":"<!-- This site is optimized with the Yoast SEO plugin v26.9 - https:\/\/yoast.com\/product\/yoast-seo-wordpress\/ -->\n<title>Misi\u00f3n - Unidad de Calidad (UNICA)<\/title>\n<meta name=\"robots\" content=\"index, follow, max-snippet:-1, max-image-preview:large, max-video-preview:-1\" \/>\n<link rel=\"canonical\" href=\"https:\/\/medicina.udd.cl\/unidad-calidad\/pagina-2\/mision\/\" \/>\n<meta property=\"og:locale\" content=\"es_ES\" \/>\n<meta property=\"og:type\" content=\"article\" \/>\n<meta property=\"og:title\" content=\"Misi\u00f3n - Unidad de Calidad (UNICA)\" \/>\n<meta property=\"og:description\" content=\"Conoce nuestra misi\u00f3n y visi\u00f3n.\" \/>\n<meta property=\"og:url\" content=\"https:\/\/medicina.udd.cl\/unidad-calidad\/pagina-2\/mision\/\" \/>\n<meta property=\"og:site_name\" content=\"Unidad de Calidad (UNICA)\" \/>\n<meta property=\"article:modified_time\" content=\"2016-12-29T15:40:05+00:00\" \/>\n<script type=\"application\/ld+json\" class=\"yoast-schema-graph\">{\"@context\":\"https:\/\/schema.org\",\"@graph\":[{\"@type\":\"WebPage\",\"@id\":\"https:\/\/medicina.udd.cl\/unidad-calidad\/pagina-2\/mision\/\",\"url\":\"https:\/\/medicina.udd.cl\/unidad-calidad\/pagina-2\/mision\/\",\"name\":\"Misi\u00f3n - Unidad de Calidad (UNICA)\",\"isPartOf\":{\"@id\":\"https:\/\/medicina.udd.cl\/unidad-calidad\/#website\"},\"datePublished\":\"2011-06-28T19:13:29+00:00\",\"dateModified\":\"2016-12-29T15:40:05+00:00\",\"breadcrumb\":{\"@id\":\"https:\/\/medicina.udd.cl\/unidad-calidad\/pagina-2\/mision\/#breadcrumb\"},\"inLanguage\":\"es\",\"potentialAction\":[{\"@type\":\"ReadAction\",\"target\":[\"https:\/\/medicina.udd.cl\/unidad-calidad\/pagina-2\/mision\/\"]}]},{\"@type\":\"BreadcrumbList\",\"@id\":\"https:\/\/medicina.udd.cl\/unidad-calidad\/pagina-2\/mision\/#breadcrumb\",\"itemListElement\":[{\"@type\":\"ListItem\",\"position\":1,\"name\":\"Home\",\"item\":\"https:\/\/medicina.udd.cl\/unidad-calidad\/\"},{\"@type\":\"ListItem\",\"position\":2,\"name\":\"Sobre la Unidad\",\"item\":\"https:\/\/medicina.udd.cl\/unidad-calidad\/pagina-2\/\"},{\"@type\":\"ListItem\",\"position\":3,\"name\":\"Misi\u00f3n\"}]},{\"@type\":\"WebSite\",\"@id\":\"https:\/\/medicina.udd.cl\/unidad-calidad\/#website\",\"url\":\"https:\/\/medicina.udd.cl\/unidad-calidad\/\",\"name\":\"Unidad de Calidad (UNICA)\",\"description\":\"Facultad de Medicina Cl\u00ednica Alemana Universidad del Desarrollo\",\"potentialAction\":[{\"@type\":\"SearchAction\",\"target\":{\"@type\":\"EntryPoint\",\"urlTemplate\":\"https:\/\/medicina.udd.cl\/unidad-calidad\/?s={search_term_string}\"},\"query-input\":{\"@type\":\"PropertyValueSpecification\",\"valueRequired\":true,\"valueName\":\"search_term_string\"}}],\"inLanguage\":\"es\"}]}<\/script>\n<!-- \/ Yoast SEO plugin. -->","yoast_head_json":{"title":"Misi\u00f3n - Unidad de Calidad (UNICA)","robots":{"index":"index","follow":"follow","max-snippet":"max-snippet:-1","max-image-preview":"max-image-preview:large","max-video-preview":"max-video-preview:-1"},"canonical":"https:\/\/medicina.udd.cl\/unidad-calidad\/pagina-2\/mision\/","og_locale":"es_ES","og_type":"article","og_title":"Misi\u00f3n - Unidad de Calidad (UNICA)","og_description":"Conoce nuestra misi\u00f3n y visi\u00f3n.","og_url":"https:\/\/medicina.udd.cl\/unidad-calidad\/pagina-2\/mision\/","og_site_name":"Unidad de Calidad (UNICA)","article_modified_time":"2016-12-29T15:40:05+00:00","schema":{"@context":"https:\/\/schema.org","@graph":[{"@type":"WebPage","@id":"https:\/\/medicina.udd.cl\/unidad-calidad\/pagina-2\/mision\/","url":"https:\/\/medicina.udd.cl\/unidad-calidad\/pagina-2\/mision\/","name":"Misi\u00f3n - Unidad de Calidad (UNICA)","isPartOf":{"@id":"https:\/\/medicina.udd.cl\/unidad-calidad\/#website"},"datePublished":"2011-06-28T19:13:29+00:00","dateModified":"2016-12-29T15:40:05+00:00","breadcrumb":{"@id":"https:\/\/medicina.udd.cl\/unidad-calidad\/pagina-2\/mision\/#breadcrumb"},"inLanguage":"es","potentialAction":[{"@type":"ReadAction","target":["https:\/\/medicina.udd.cl\/unidad-calidad\/pagina-2\/mision\/"]}]},{"@type":"BreadcrumbList","@id":"https:\/\/medicina.udd.cl\/unidad-calidad\/pagina-2\/mision\/#breadcrumb","itemListElement":[{"@type":"ListItem","position":1,"name":"Home","item":"https:\/\/medicina.udd.cl\/unidad-calidad\/"},{"@type":"ListItem","position":2,"name":"Sobre la Unidad","item":"https:\/\/medicina.udd.cl\/unidad-calidad\/pagina-2\/"},{"@type":"ListItem","position":3,"name":"Misi\u00f3n"}]},{"@type":"WebSite","@id":"https:\/\/medicina.udd.cl\/unidad-calidad\/#website","url":"https:\/\/medicina.udd.cl\/unidad-calidad\/","name":"Unidad de Calidad (UNICA)","description":"Facultad de Medicina Cl\u00ednica Alemana Universidad del Desarrollo","potentialAction":[{"@type":"SearchAction","target":{"@type":"EntryPoint","urlTemplate":"https:\/\/medicina.udd.cl\/unidad-calidad\/?s={search_term_string}"},"query-input":{"@type":"PropertyValueSpecification","valueRequired":true,"valueName":"search_term_string"}}],"inLanguage":"es"}]}},"_links":{"self":[{"href":"https:\/\/medicina.udd.cl\/unidad-calidad\/wp-json\/wp\/v2\/pages\/22","targetHints":{"allow":["GET"]}}],"collection":[{"href":"https:\/\/medicina.udd.cl\/unidad-calidad\/wp-json\/wp\/v2\/pages"}],"about":[{"href":"https:\/\/medicina.udd.cl\/unidad-calidad\/wp-json\/wp\/v2\/types\/page"}],"author":[{"embeddable":true,"href":"https:\/\/medicina.udd.cl\/unidad-calidad\/wp-json\/wp\/v2\/users\/9192192"}],"replies":[{"embeddable":true,"href":"https:\/\/medicina.udd.cl\/unidad-calidad\/wp-json\/wp\/v2\/comments?post=22"}],"version-history":[{"count":13,"href":"https:\/\/medicina.udd.cl\/unidad-calidad\/wp-json\/wp\/v2\/pages\/22\/revisions"}],"predecessor-version":[{"id":943,"href":"https:\/\/medicina.udd.cl\/unidad-calidad\/wp-json\/wp\/v2\/pages\/22\/revisions\/943"}],"up":[{"embeddable":true,"href":"https:\/\/medicina.udd.cl\/unidad-calidad\/wp-json\/wp\/v2\/pages\/4"}],"wp:attachment":[{"href":"https:\/\/medicina.udd.cl\/unidad-calidad\/wp-json\/wp\/v2\/media?parent=22"}],"curies":[{"name":"wp","href":"https:\/\/api.w.org\/{rel}","templated":true}]}}