{"id":357,"date":"2013-05-02T15:56:44","date_gmt":"2013-05-02T19:56:44","guid":{"rendered":"http:\/\/medicina.udd.cl\/unidad-calidad\/"},"modified":"2013-05-02T15:58:45","modified_gmt":"2013-05-02T19:58:45","slug":"concepto-de-calidad","status":"publish","type":"page","link":"https:\/\/medicina.udd.cl\/unidad-calidad\/pagina-2\/concepto-de-calidad\/","title":{"rendered":"Concepto de Calidad"},"content":{"rendered":"<p>Despu\u00e9s de una extensa revisi\u00f3n bibliogr\u00e1fica, se seleccionaron\u00a0 algunos conceptos que podr\u00edan ser de utilidad. Con estos conceptos nos centramos en la tarea de analizar cu\u00e1l de ellos se ajustaba a nuestra idea de universidad, a la formaci\u00f3n de profesionales de la salud y a nuestra cultura institucional.<\/p>\n<p>Finalmente, tomamos como ejes fundamentales\u00a0 para el desarrollo de pol\u00edticas e implementaci\u00f3n de nuestro\u00a0 plan de trabajo,\u00a0 las siguientes dimensiones del concepto de calidad (Harvey y Green, 1993), a nuestro parecer, complementarias:<\/p>\n<ul>\n<li>Ajuste a los prop\u00f3sitos: capacidad de una instituci\u00f3n para cumplir con su misi\u00f3n y alcanzar sus objetivos.<\/li>\n<li>Transformaci\u00f3n: foco puesto en la experiencia de quien pasa por un proceso educativo.<\/li>\n<\/ul>\n","protected":false},"excerpt":{"rendered":"<p>UNICA entiende la calidad como&#8230;<\/p>\n","protected":false},"author":38,"featured_media":0,"parent":4,"menu_order":3,"comment_status":"open","ping_status":"open","template":"","meta":{"footnotes":""},"class_list":["post-357","page","type-page","status-publish","hentry"],"yoast_head":"<!-- This site is optimized with the Yoast SEO plugin v26.9 - https:\/\/yoast.com\/product\/yoast-seo-wordpress\/ -->\n<title>Concepto de Calidad - Unidad de Calidad (UNICA)<\/title>\n<meta name=\"robots\" content=\"index, follow, max-snippet:-1, max-image-preview:large, max-video-preview:-1\" \/>\n<link rel=\"canonical\" href=\"https:\/\/medicina.udd.cl\/unidad-calidad\/pagina-2\/concepto-de-calidad\/\" \/>\n<meta property=\"og:locale\" content=\"es_ES\" \/>\n<meta property=\"og:type\" content=\"article\" \/>\n<meta property=\"og:title\" content=\"Concepto de Calidad - Unidad de Calidad (UNICA)\" \/>\n<meta property=\"og:description\" content=\"UNICA entiende la calidad como...\" \/>\n<meta property=\"og:url\" content=\"https:\/\/medicina.udd.cl\/unidad-calidad\/pagina-2\/concepto-de-calidad\/\" \/>\n<meta property=\"og:site_name\" content=\"Unidad de Calidad (UNICA)\" \/>\n<meta property=\"article:modified_time\" content=\"2013-05-02T19:58:45+00:00\" \/>\n<meta name=\"twitter:label1\" content=\"Tiempo de lectura\" \/>\n\t<meta name=\"twitter:data1\" content=\"1 minuto\" \/>\n<script type=\"application\/ld+json\" class=\"yoast-schema-graph\">{\"@context\":\"https:\/\/schema.org\",\"@graph\":[{\"@type\":\"WebPage\",\"@id\":\"https:\/\/medicina.udd.cl\/unidad-calidad\/pagina-2\/concepto-de-calidad\/\",\"url\":\"https:\/\/medicina.udd.cl\/unidad-calidad\/pagina-2\/concepto-de-calidad\/\",\"name\":\"Concepto de Calidad - Unidad de Calidad (UNICA)\",\"isPartOf\":{\"@id\":\"https:\/\/medicina.udd.cl\/unidad-calidad\/#website\"},\"datePublished\":\"2013-05-02T19:56:44+00:00\",\"dateModified\":\"2013-05-02T19:58:45+00:00\",\"breadcrumb\":{\"@id\":\"https:\/\/medicina.udd.cl\/unidad-calidad\/pagina-2\/concepto-de-calidad\/#breadcrumb\"},\"inLanguage\":\"es\",\"potentialAction\":[{\"@type\":\"ReadAction\",\"target\":[\"https:\/\/medicina.udd.cl\/unidad-calidad\/pagina-2\/concepto-de-calidad\/\"]}]},{\"@type\":\"BreadcrumbList\",\"@id\":\"https:\/\/medicina.udd.cl\/unidad-calidad\/pagina-2\/concepto-de-calidad\/#breadcrumb\",\"itemListElement\":[{\"@type\":\"ListItem\",\"position\":1,\"name\":\"Home\",\"item\":\"https:\/\/medicina.udd.cl\/unidad-calidad\/\"},{\"@type\":\"ListItem\",\"position\":2,\"name\":\"Sobre la Unidad\",\"item\":\"https:\/\/medicina.udd.cl\/unidad-calidad\/pagina-2\/\"},{\"@type\":\"ListItem\",\"position\":3,\"name\":\"Concepto de Calidad\"}]},{\"@type\":\"WebSite\",\"@id\":\"https:\/\/medicina.udd.cl\/unidad-calidad\/#website\",\"url\":\"https:\/\/medicina.udd.cl\/unidad-calidad\/\",\"name\":\"Unidad de Calidad (UNICA)\",\"description\":\"Facultad de Medicina Cl\u00ednica Alemana Universidad del Desarrollo\",\"potentialAction\":[{\"@type\":\"SearchAction\",\"target\":{\"@type\":\"EntryPoint\",\"urlTemplate\":\"https:\/\/medicina.udd.cl\/unidad-calidad\/?s={search_term_string}\"},\"query-input\":{\"@type\":\"PropertyValueSpecification\",\"valueRequired\":true,\"valueName\":\"search_term_string\"}}],\"inLanguage\":\"es\"}]}<\/script>\n<!-- \/ Yoast SEO plugin. -->","yoast_head_json":{"title":"Concepto de Calidad - Unidad de Calidad (UNICA)","robots":{"index":"index","follow":"follow","max-snippet":"max-snippet:-1","max-image-preview":"max-image-preview:large","max-video-preview":"max-video-preview:-1"},"canonical":"https:\/\/medicina.udd.cl\/unidad-calidad\/pagina-2\/concepto-de-calidad\/","og_locale":"es_ES","og_type":"article","og_title":"Concepto de Calidad - Unidad de Calidad (UNICA)","og_description":"UNICA entiende la calidad como...","og_url":"https:\/\/medicina.udd.cl\/unidad-calidad\/pagina-2\/concepto-de-calidad\/","og_site_name":"Unidad de Calidad (UNICA)","article_modified_time":"2013-05-02T19:58:45+00:00","twitter_misc":{"Tiempo de lectura":"1 minuto"},"schema":{"@context":"https:\/\/schema.org","@graph":[{"@type":"WebPage","@id":"https:\/\/medicina.udd.cl\/unidad-calidad\/pagina-2\/concepto-de-calidad\/","url":"https:\/\/medicina.udd.cl\/unidad-calidad\/pagina-2\/concepto-de-calidad\/","name":"Concepto de Calidad - Unidad de Calidad (UNICA)","isPartOf":{"@id":"https:\/\/medicina.udd.cl\/unidad-calidad\/#website"},"datePublished":"2013-05-02T19:56:44+00:00","dateModified":"2013-05-02T19:58:45+00:00","breadcrumb":{"@id":"https:\/\/medicina.udd.cl\/unidad-calidad\/pagina-2\/concepto-de-calidad\/#breadcrumb"},"inLanguage":"es","potentialAction":[{"@type":"ReadAction","target":["https:\/\/medicina.udd.cl\/unidad-calidad\/pagina-2\/concepto-de-calidad\/"]}]},{"@type":"BreadcrumbList","@id":"https:\/\/medicina.udd.cl\/unidad-calidad\/pagina-2\/concepto-de-calidad\/#breadcrumb","itemListElement":[{"@type":"ListItem","position":1,"name":"Home","item":"https:\/\/medicina.udd.cl\/unidad-calidad\/"},{"@type":"ListItem","position":2,"name":"Sobre la Unidad","item":"https:\/\/medicina.udd.cl\/unidad-calidad\/pagina-2\/"},{"@type":"ListItem","position":3,"name":"Concepto de Calidad"}]},{"@type":"WebSite","@id":"https:\/\/medicina.udd.cl\/unidad-calidad\/#website","url":"https:\/\/medicina.udd.cl\/unidad-calidad\/","name":"Unidad de Calidad (UNICA)","description":"Facultad de Medicina Cl\u00ednica Alemana Universidad del Desarrollo","potentialAction":[{"@type":"SearchAction","target":{"@type":"EntryPoint","urlTemplate":"https:\/\/medicina.udd.cl\/unidad-calidad\/?s={search_term_string}"},"query-input":{"@type":"PropertyValueSpecification","valueRequired":true,"valueName":"search_term_string"}}],"inLanguage":"es"}]}},"_links":{"self":[{"href":"https:\/\/medicina.udd.cl\/unidad-calidad\/wp-json\/wp\/v2\/pages\/357","targetHints":{"allow":["GET"]}}],"collection":[{"href":"https:\/\/medicina.udd.cl\/unidad-calidad\/wp-json\/wp\/v2\/pages"}],"about":[{"href":"https:\/\/medicina.udd.cl\/unidad-calidad\/wp-json\/wp\/v2\/types\/page"}],"author":[{"embeddable":true,"href":"https:\/\/medicina.udd.cl\/unidad-calidad\/wp-json\/wp\/v2\/users\/38"}],"replies":[{"embeddable":true,"href":"https:\/\/medicina.udd.cl\/unidad-calidad\/wp-json\/wp\/v2\/comments?post=357"}],"version-history":[{"count":4,"href":"https:\/\/medicina.udd.cl\/unidad-calidad\/wp-json\/wp\/v2\/pages\/357\/revisions"}],"predecessor-version":[{"id":361,"href":"https:\/\/medicina.udd.cl\/unidad-calidad\/wp-json\/wp\/v2\/pages\/357\/revisions\/361"}],"up":[{"embeddable":true,"href":"https:\/\/medicina.udd.cl\/unidad-calidad\/wp-json\/wp\/v2\/pages\/4"}],"wp:attachment":[{"href":"https:\/\/medicina.udd.cl\/unidad-calidad\/wp-json\/wp\/v2\/media?parent=357"}],"curies":[{"name":"wp","href":"https:\/\/api.w.org\/{rel}","templated":true}]}}