{"id":73,"date":"2011-06-30T14:28:52","date_gmt":"2011-06-30T18:28:52","guid":{"rendered":"http:\/\/medicina.udd.cl\/unidad-calidad\/"},"modified":"2015-12-03T17:09:49","modified_gmt":"2015-12-03T20:09:49","slug":"articulos-de-interes","status":"publish","type":"page","link":"https:\/\/medicina.udd.cl\/unidad-calidad\/articulos-de-interes\/","title":{"rendered":"Lecturas de inter\u00e9s"},"content":{"rendered":"<ul>\n<li>\n<h4><a style=\"font-size: 1em;\" href=\"http:\/\/www.cned.cl\/public\/Secciones\/SeccionRevistaCalidad\/revista_calidad_home.aspx\">Consejo Nacional de Educaci\u00f3n<\/a><\/h4>\n<\/li>\n<li>\n<h4><a style=\"font-size: 1em;\" href=\"http:\/\/www.cinda.cl\/\">Centro Interuniversitario de Desarrollo<\/a><\/h4>\n<\/li>\n<li>\n<h4><a href=\"https:\/\/www.cnachile.cl\/Paginas\/Inicio.aspx\"><span style=\"font-size: 1em;\">Comisi\u00f3n Nacional de Acreditaci\u00f3n<\/span><\/a><\/h4>\n<\/li>\n<li>\n<h4><a href=\"http:\/\/www.mifuturo.cl\/\"><span style=\"font-size: 1em;\">Servicio de Informaci\u00f3n de Educaci\u00f3n Superior<\/span><\/a><\/h4>\n<\/li>\n<\/ul>\n","protected":false},"excerpt":{"rendered":"<p>Consejo Nacional de Educaci\u00f3n Centro Interuniversitario de Desarrollo Comisi\u00f3n Nacional de Acreditaci\u00f3n Servicio de Informaci\u00f3n de Educaci\u00f3n Superior<\/p>\n","protected":false},"author":47,"featured_media":0,"parent":0,"menu_order":0,"comment_status":"open","ping_status":"open","template":"","meta":{"footnotes":""},"class_list":["post-73","page","type-page","status-publish","hentry"],"yoast_head":"<!-- This site is optimized with the Yoast SEO plugin v26.9 - https:\/\/yoast.com\/product\/yoast-seo-wordpress\/ -->\n<title>Lecturas de inter\u00e9s - Unidad de Calidad (UNICA)<\/title>\n<meta name=\"robots\" content=\"index, follow, max-snippet:-1, max-image-preview:large, max-video-preview:-1\" \/>\n<link rel=\"canonical\" href=\"https:\/\/medicina.udd.cl\/unidad-calidad\/articulos-de-interes\/\" \/>\n<meta property=\"og:locale\" content=\"es_ES\" \/>\n<meta property=\"og:type\" content=\"article\" \/>\n<meta property=\"og:title\" content=\"Lecturas de inter\u00e9s - Unidad de Calidad (UNICA)\" \/>\n<meta property=\"og:description\" content=\"Consejo Nacional de Educaci\u00f3n Centro Interuniversitario de Desarrollo Comisi\u00f3n Nacional de Acreditaci\u00f3n Servicio de Informaci\u00f3n de Educaci\u00f3n Superior\" \/>\n<meta property=\"og:url\" content=\"https:\/\/medicina.udd.cl\/unidad-calidad\/articulos-de-interes\/\" \/>\n<meta property=\"og:site_name\" content=\"Unidad de Calidad (UNICA)\" \/>\n<meta property=\"article:modified_time\" content=\"2015-12-03T20:09:49+00:00\" \/>\n<script type=\"application\/ld+json\" class=\"yoast-schema-graph\">{\"@context\":\"https:\/\/schema.org\",\"@graph\":[{\"@type\":\"WebPage\",\"@id\":\"https:\/\/medicina.udd.cl\/unidad-calidad\/articulos-de-interes\/\",\"url\":\"https:\/\/medicina.udd.cl\/unidad-calidad\/articulos-de-interes\/\",\"name\":\"Lecturas de inter\u00e9s - Unidad de Calidad (UNICA)\",\"isPartOf\":{\"@id\":\"https:\/\/medicina.udd.cl\/unidad-calidad\/#website\"},\"datePublished\":\"2011-06-30T18:28:52+00:00\",\"dateModified\":\"2015-12-03T20:09:49+00:00\",\"breadcrumb\":{\"@id\":\"https:\/\/medicina.udd.cl\/unidad-calidad\/articulos-de-interes\/#breadcrumb\"},\"inLanguage\":\"es\",\"potentialAction\":[{\"@type\":\"ReadAction\",\"target\":[\"https:\/\/medicina.udd.cl\/unidad-calidad\/articulos-de-interes\/\"]}]},{\"@type\":\"BreadcrumbList\",\"@id\":\"https:\/\/medicina.udd.cl\/unidad-calidad\/articulos-de-interes\/#breadcrumb\",\"itemListElement\":[{\"@type\":\"ListItem\",\"position\":1,\"name\":\"Home\",\"item\":\"https:\/\/medicina.udd.cl\/unidad-calidad\/\"},{\"@type\":\"ListItem\",\"position\":2,\"name\":\"Lecturas de inter\u00e9s\"}]},{\"@type\":\"WebSite\",\"@id\":\"https:\/\/medicina.udd.cl\/unidad-calidad\/#website\",\"url\":\"https:\/\/medicina.udd.cl\/unidad-calidad\/\",\"name\":\"Unidad de Calidad (UNICA)\",\"description\":\"Facultad de Medicina Cl\u00ednica Alemana Universidad del Desarrollo\",\"potentialAction\":[{\"@type\":\"SearchAction\",\"target\":{\"@type\":\"EntryPoint\",\"urlTemplate\":\"https:\/\/medicina.udd.cl\/unidad-calidad\/?s={search_term_string}\"},\"query-input\":{\"@type\":\"PropertyValueSpecification\",\"valueRequired\":true,\"valueName\":\"search_term_string\"}}],\"inLanguage\":\"es\"}]}<\/script>\n<!-- \/ Yoast SEO plugin. -->","yoast_head_json":{"title":"Lecturas de inter\u00e9s - Unidad de Calidad (UNICA)","robots":{"index":"index","follow":"follow","max-snippet":"max-snippet:-1","max-image-preview":"max-image-preview:large","max-video-preview":"max-video-preview:-1"},"canonical":"https:\/\/medicina.udd.cl\/unidad-calidad\/articulos-de-interes\/","og_locale":"es_ES","og_type":"article","og_title":"Lecturas de inter\u00e9s - Unidad de Calidad (UNICA)","og_description":"Consejo Nacional de Educaci\u00f3n Centro Interuniversitario de Desarrollo Comisi\u00f3n Nacional de Acreditaci\u00f3n Servicio de Informaci\u00f3n de Educaci\u00f3n Superior","og_url":"https:\/\/medicina.udd.cl\/unidad-calidad\/articulos-de-interes\/","og_site_name":"Unidad de Calidad (UNICA)","article_modified_time":"2015-12-03T20:09:49+00:00","schema":{"@context":"https:\/\/schema.org","@graph":[{"@type":"WebPage","@id":"https:\/\/medicina.udd.cl\/unidad-calidad\/articulos-de-interes\/","url":"https:\/\/medicina.udd.cl\/unidad-calidad\/articulos-de-interes\/","name":"Lecturas de inter\u00e9s - Unidad de Calidad (UNICA)","isPartOf":{"@id":"https:\/\/medicina.udd.cl\/unidad-calidad\/#website"},"datePublished":"2011-06-30T18:28:52+00:00","dateModified":"2015-12-03T20:09:49+00:00","breadcrumb":{"@id":"https:\/\/medicina.udd.cl\/unidad-calidad\/articulos-de-interes\/#breadcrumb"},"inLanguage":"es","potentialAction":[{"@type":"ReadAction","target":["https:\/\/medicina.udd.cl\/unidad-calidad\/articulos-de-interes\/"]}]},{"@type":"BreadcrumbList","@id":"https:\/\/medicina.udd.cl\/unidad-calidad\/articulos-de-interes\/#breadcrumb","itemListElement":[{"@type":"ListItem","position":1,"name":"Home","item":"https:\/\/medicina.udd.cl\/unidad-calidad\/"},{"@type":"ListItem","position":2,"name":"Lecturas de inter\u00e9s"}]},{"@type":"WebSite","@id":"https:\/\/medicina.udd.cl\/unidad-calidad\/#website","url":"https:\/\/medicina.udd.cl\/unidad-calidad\/","name":"Unidad de Calidad (UNICA)","description":"Facultad de Medicina Cl\u00ednica Alemana Universidad del Desarrollo","potentialAction":[{"@type":"SearchAction","target":{"@type":"EntryPoint","urlTemplate":"https:\/\/medicina.udd.cl\/unidad-calidad\/?s={search_term_string}"},"query-input":{"@type":"PropertyValueSpecification","valueRequired":true,"valueName":"search_term_string"}}],"inLanguage":"es"}]}},"_links":{"self":[{"href":"https:\/\/medicina.udd.cl\/unidad-calidad\/wp-json\/wp\/v2\/pages\/73","targetHints":{"allow":["GET"]}}],"collection":[{"href":"https:\/\/medicina.udd.cl\/unidad-calidad\/wp-json\/wp\/v2\/pages"}],"about":[{"href":"https:\/\/medicina.udd.cl\/unidad-calidad\/wp-json\/wp\/v2\/types\/page"}],"author":[{"embeddable":true,"href":"https:\/\/medicina.udd.cl\/unidad-calidad\/wp-json\/wp\/v2\/users\/47"}],"replies":[{"embeddable":true,"href":"https:\/\/medicina.udd.cl\/unidad-calidad\/wp-json\/wp\/v2\/comments?post=73"}],"version-history":[{"count":10,"href":"https:\/\/medicina.udd.cl\/unidad-calidad\/wp-json\/wp\/v2\/pages\/73\/revisions"}],"predecessor-version":[{"id":838,"href":"https:\/\/medicina.udd.cl\/unidad-calidad\/wp-json\/wp\/v2\/pages\/73\/revisions\/838"}],"wp:attachment":[{"href":"https:\/\/medicina.udd.cl\/unidad-calidad\/wp-json\/wp\/v2\/media?parent=73"}],"curies":[{"name":"wp","href":"https:\/\/api.w.org\/{rel}","templated":true}]}}