{"id":750,"date":"2015-07-23T09:31:32","date_gmt":"2015-07-23T12:31:32","guid":{"rendered":"http:\/\/medicina.udd.cl\/unidad-calidad\/?page_id=750"},"modified":"2017-07-13T11:40:43","modified_gmt":"2017-07-13T15:40:43","slug":"areas-de-trabajo","status":"publish","type":"page","link":"https:\/\/medicina.udd.cl\/unidad-calidad\/pagina-3\/areas-de-trabajo\/","title":{"rendered":"\u00c1reas de trabajo"},"content":{"rendered":"<p><strong>1.<\/strong>GESTI\u00d3N CURRICULAR (DISE\u00d1O Y EVALUACI\u00d3N) DE LAS CARRERAS DE LA FACULTAD DE MEDICINA CAS-UDD.<\/p>\n<p><strong>2.<\/strong> ASEGURAMIENTO DE CALIDAD.<\/p>\n<p><strong>2.1<\/strong><\/p>\n<ul>\n<li>An\u00e1lisis, seguimiento y generaci\u00f3n de informes de indicadores de calidad de educaci\u00f3n superior (titulaci\u00f3n oportuna y efectiva, retenci\u00f3n, deserci\u00f3n, empleabilidad, temporalidad de datos, entre otros).<\/li>\n<li>Google Sites de la Facultad de Medicina CAS-UDD<\/li>\n<\/ul>\n<p><strong>2.2.<\/strong> Coordinar Procesos de Acreditaci\u00f3n.<\/p>\n<p><strong>2.3.<\/strong>\u00a0Seguimiento al Plan de Mejoras de las carreras de la Facultad de Medicina CAS-UDD<\/p>\n<p><strong>3.<\/strong>GESTI\u00d3N DE EVALUACI\u00d3N ACAD\u00c9MICA EN LA FACULTAD DE MEDICINA CAS-UDD.<\/p>\n<p><strong>4.<\/strong>ADMINISTRACI\u00d3N DEL PROCESO DE JERARQUIZACI\u00d3N ACAD\u00c9MICA EN LA FACULTAD DE MEDICINA CAS-UDD.<\/p>\n","protected":false},"excerpt":{"rendered":"<p>Conoce nuestras \u00e1reas de trabajo<\/p>\n","protected":false},"author":42,"featured_media":0,"parent":5,"menu_order":0,"comment_status":"open","ping_status":"open","template":"template-wide-content.php","meta":{"footnotes":""},"class_list":["post-750","page","type-page","status-publish","hentry"],"yoast_head":"<!-- This site is optimized with the Yoast SEO plugin v26.9 - https:\/\/yoast.com\/product\/yoast-seo-wordpress\/ -->\n<title>\u00c1reas de trabajo - Unidad de Calidad (UNICA)<\/title>\n<meta name=\"robots\" content=\"index, follow, max-snippet:-1, max-image-preview:large, max-video-preview:-1\" \/>\n<link rel=\"canonical\" href=\"https:\/\/medicina.udd.cl\/unidad-calidad\/pagina-3\/areas-de-trabajo\/\" \/>\n<meta property=\"og:locale\" content=\"es_ES\" \/>\n<meta property=\"og:type\" content=\"article\" \/>\n<meta property=\"og:title\" content=\"\u00c1reas de trabajo - Unidad de Calidad (UNICA)\" \/>\n<meta property=\"og:description\" content=\"Conoce nuestras \u00e1reas de trabajo\" \/>\n<meta property=\"og:url\" content=\"https:\/\/medicina.udd.cl\/unidad-calidad\/pagina-3\/areas-de-trabajo\/\" \/>\n<meta property=\"og:site_name\" content=\"Unidad de Calidad (UNICA)\" \/>\n<meta property=\"article:modified_time\" content=\"2017-07-13T15:40:43+00:00\" \/>\n<meta name=\"twitter:label1\" content=\"Tiempo de lectura\" \/>\n\t<meta name=\"twitter:data1\" content=\"1 minuto\" \/>\n<script type=\"application\/ld+json\" class=\"yoast-schema-graph\">{\"@context\":\"https:\/\/schema.org\",\"@graph\":[{\"@type\":\"WebPage\",\"@id\":\"https:\/\/medicina.udd.cl\/unidad-calidad\/pagina-3\/areas-de-trabajo\/\",\"url\":\"https:\/\/medicina.udd.cl\/unidad-calidad\/pagina-3\/areas-de-trabajo\/\",\"name\":\"\u00c1reas de trabajo - Unidad de Calidad (UNICA)\",\"isPartOf\":{\"@id\":\"https:\/\/medicina.udd.cl\/unidad-calidad\/#website\"},\"datePublished\":\"2015-07-23T12:31:32+00:00\",\"dateModified\":\"2017-07-13T15:40:43+00:00\",\"breadcrumb\":{\"@id\":\"https:\/\/medicina.udd.cl\/unidad-calidad\/pagina-3\/areas-de-trabajo\/#breadcrumb\"},\"inLanguage\":\"es\",\"potentialAction\":[{\"@type\":\"ReadAction\",\"target\":[\"https:\/\/medicina.udd.cl\/unidad-calidad\/pagina-3\/areas-de-trabajo\/\"]}]},{\"@type\":\"BreadcrumbList\",\"@id\":\"https:\/\/medicina.udd.cl\/unidad-calidad\/pagina-3\/areas-de-trabajo\/#breadcrumb\",\"itemListElement\":[{\"@type\":\"ListItem\",\"position\":1,\"name\":\"Home\",\"item\":\"https:\/\/medicina.udd.cl\/unidad-calidad\/\"},{\"@type\":\"ListItem\",\"position\":2,\"name\":\"\u00bfQu\u00e9 hacemos?\",\"item\":\"https:\/\/medicina.udd.cl\/unidad-calidad\/pagina-3\/\"},{\"@type\":\"ListItem\",\"position\":3,\"name\":\"\u00c1reas de trabajo\"}]},{\"@type\":\"WebSite\",\"@id\":\"https:\/\/medicina.udd.cl\/unidad-calidad\/#website\",\"url\":\"https:\/\/medicina.udd.cl\/unidad-calidad\/\",\"name\":\"Unidad de Calidad (UNICA)\",\"description\":\"Facultad de Medicina Cl\u00ednica Alemana Universidad del Desarrollo\",\"potentialAction\":[{\"@type\":\"SearchAction\",\"target\":{\"@type\":\"EntryPoint\",\"urlTemplate\":\"https:\/\/medicina.udd.cl\/unidad-calidad\/?s={search_term_string}\"},\"query-input\":{\"@type\":\"PropertyValueSpecification\",\"valueRequired\":true,\"valueName\":\"search_term_string\"}}],\"inLanguage\":\"es\"}]}<\/script>\n<!-- \/ Yoast SEO plugin. -->","yoast_head_json":{"title":"\u00c1reas de trabajo - Unidad de Calidad (UNICA)","robots":{"index":"index","follow":"follow","max-snippet":"max-snippet:-1","max-image-preview":"max-image-preview:large","max-video-preview":"max-video-preview:-1"},"canonical":"https:\/\/medicina.udd.cl\/unidad-calidad\/pagina-3\/areas-de-trabajo\/","og_locale":"es_ES","og_type":"article","og_title":"\u00c1reas de trabajo - Unidad de Calidad (UNICA)","og_description":"Conoce nuestras \u00e1reas de trabajo","og_url":"https:\/\/medicina.udd.cl\/unidad-calidad\/pagina-3\/areas-de-trabajo\/","og_site_name":"Unidad de Calidad (UNICA)","article_modified_time":"2017-07-13T15:40:43+00:00","twitter_misc":{"Tiempo de lectura":"1 minuto"},"schema":{"@context":"https:\/\/schema.org","@graph":[{"@type":"WebPage","@id":"https:\/\/medicina.udd.cl\/unidad-calidad\/pagina-3\/areas-de-trabajo\/","url":"https:\/\/medicina.udd.cl\/unidad-calidad\/pagina-3\/areas-de-trabajo\/","name":"\u00c1reas de trabajo - Unidad de Calidad (UNICA)","isPartOf":{"@id":"https:\/\/medicina.udd.cl\/unidad-calidad\/#website"},"datePublished":"2015-07-23T12:31:32+00:00","dateModified":"2017-07-13T15:40:43+00:00","breadcrumb":{"@id":"https:\/\/medicina.udd.cl\/unidad-calidad\/pagina-3\/areas-de-trabajo\/#breadcrumb"},"inLanguage":"es","potentialAction":[{"@type":"ReadAction","target":["https:\/\/medicina.udd.cl\/unidad-calidad\/pagina-3\/areas-de-trabajo\/"]}]},{"@type":"BreadcrumbList","@id":"https:\/\/medicina.udd.cl\/unidad-calidad\/pagina-3\/areas-de-trabajo\/#breadcrumb","itemListElement":[{"@type":"ListItem","position":1,"name":"Home","item":"https:\/\/medicina.udd.cl\/unidad-calidad\/"},{"@type":"ListItem","position":2,"name":"\u00bfQu\u00e9 hacemos?","item":"https:\/\/medicina.udd.cl\/unidad-calidad\/pagina-3\/"},{"@type":"ListItem","position":3,"name":"\u00c1reas de trabajo"}]},{"@type":"WebSite","@id":"https:\/\/medicina.udd.cl\/unidad-calidad\/#website","url":"https:\/\/medicina.udd.cl\/unidad-calidad\/","name":"Unidad de Calidad (UNICA)","description":"Facultad de Medicina Cl\u00ednica Alemana Universidad del Desarrollo","potentialAction":[{"@type":"SearchAction","target":{"@type":"EntryPoint","urlTemplate":"https:\/\/medicina.udd.cl\/unidad-calidad\/?s={search_term_string}"},"query-input":{"@type":"PropertyValueSpecification","valueRequired":true,"valueName":"search_term_string"}}],"inLanguage":"es"}]}},"_links":{"self":[{"href":"https:\/\/medicina.udd.cl\/unidad-calidad\/wp-json\/wp\/v2\/pages\/750","targetHints":{"allow":["GET"]}}],"collection":[{"href":"https:\/\/medicina.udd.cl\/unidad-calidad\/wp-json\/wp\/v2\/pages"}],"about":[{"href":"https:\/\/medicina.udd.cl\/unidad-calidad\/wp-json\/wp\/v2\/types\/page"}],"author":[{"embeddable":true,"href":"https:\/\/medicina.udd.cl\/unidad-calidad\/wp-json\/wp\/v2\/users\/42"}],"replies":[{"embeddable":true,"href":"https:\/\/medicina.udd.cl\/unidad-calidad\/wp-json\/wp\/v2\/comments?post=750"}],"version-history":[{"count":5,"href":"https:\/\/medicina.udd.cl\/unidad-calidad\/wp-json\/wp\/v2\/pages\/750\/revisions"}],"predecessor-version":[{"id":1010,"href":"https:\/\/medicina.udd.cl\/unidad-calidad\/wp-json\/wp\/v2\/pages\/750\/revisions\/1010"}],"up":[{"embeddable":true,"href":"https:\/\/medicina.udd.cl\/unidad-calidad\/wp-json\/wp\/v2\/pages\/5"}],"wp:attachment":[{"href":"https:\/\/medicina.udd.cl\/unidad-calidad\/wp-json\/wp\/v2\/media?parent=750"}],"curies":[{"name":"wp","href":"https:\/\/api.w.org\/{rel}","templated":true}]}}